{"id":983,"date":"2021-10-14T09:16:53","date_gmt":"2021-10-14T07:16:53","guid":{"rendered":"https:\/\/scalableinteractionparadigms.uni-oldenburg.de\/blog\/?page_id=983"},"modified":"2023-10-23T10:08:27","modified_gmt":"2023-10-23T08:08:27","slug":"user-interaction-concepts-based-on-prehensile-hand-behavior","status":"publish","type":"page","link":"https:\/\/scalableinteractionparadigms.uni-oldenburg.de\/blog\/user-interaction-concepts-based-on-prehensile-hand-behavior\/","title":{"rendered":"User Interaction Concepts based on Prehensile Hand Behavior"},"content":{"rendered":"\t\t<div data-elementor-type=\"wp-page\" data-elementor-id=\"983\" class=\"elementor elementor-983\">\n\t\t\t\t\t\t<section class=\"elementor-section elementor-top-section elementor-element elementor-element-45f0ae4 rime-middle elementor-section-boxed elementor-section-height-default elementor-section-height-default\" data-id=\"45f0ae4\" data-element_type=\"section\" data-e-type=\"section\">\n\t\t\t\t\t\t<div class=\"elementor-container elementor-column-gap-default\">\n\t\t\t\t\t<div class=\"elementor-column elementor-col-100 elementor-top-column elementor-element elementor-element-2185920\" data-id=\"2185920\" data-element_type=\"column\" data-e-type=\"column\">\n\t\t\t<div class=\"elementor-widget-wrap elementor-element-populated\">\n\t\t\t\t\t\t<div class=\"elementor-element elementor-element-7701822 rime-middle elementor-widget elementor-widget-heading\" data-id=\"7701822\" data-element_type=\"widget\" data-e-type=\"widget\" data-widget_type=\"heading.default\">\n\t\t\t\t<div class=\"elementor-widget-container\">\n\t\t\t\t\t<h2 class=\"elementor-heading-title elementor-size-default\">User Interaction Concepts based on Prehensile Hand Behavior<\/h2>\t\t\t\t<\/div>\n\t\t\t\t<\/div>\n\t\t\t\t\t<\/div>\n\t\t<\/div>\n\t\t\t\t\t<\/div>\n\t\t<\/section>\n\t\t\t\t<section class=\"elementor-section elementor-top-section elementor-element elementor-element-3445c1a rime-middle elementor-section-boxed elementor-section-height-default elementor-section-height-default\" data-id=\"3445c1a\" data-element_type=\"section\" data-e-type=\"section\">\n\t\t\t\t\t\t<div class=\"elementor-container elementor-column-gap-default\">\n\t\t\t\t\t<div class=\"elementor-column elementor-col-100 elementor-top-column elementor-element elementor-element-1ea52921\" data-id=\"1ea52921\" data-element_type=\"column\" data-e-type=\"column\">\n\t\t\t<div class=\"elementor-widget-wrap elementor-element-populated\">\n\t\t\t\t\t\t<div class=\"elementor-element elementor-element-2968770 elementor-widget elementor-widget-image\" data-id=\"2968770\" data-element_type=\"widget\" data-e-type=\"widget\" data-widget_type=\"image.default\">\n\t\t\t\t<div class=\"elementor-widget-container\">\n\t\t\t\t\t\t\t\t\t\t\t\t\t\t\t<img fetchpriority=\"high\" decoding=\"async\" width=\"1200\" height=\"629\" src=\"https:\/\/scalableinteractionparadigms.uni-oldenburg.de\/blog\/wp-content\/uploads\/2020\/05\/muenster-touchables.png\" class=\"attachment-full size-full wp-image-707\" alt=\"\" srcset=\"https:\/\/scalableinteractionparadigms.uni-oldenburg.de\/blog\/wp-content\/uploads\/2020\/05\/muenster-touchables.png 1200w, https:\/\/scalableinteractionparadigms.uni-oldenburg.de\/blog\/wp-content\/uploads\/2020\/05\/muenster-touchables-600x315.png 600w, https:\/\/scalableinteractionparadigms.uni-oldenburg.de\/blog\/wp-content\/uploads\/2020\/05\/muenster-touchables-300x157.png 300w, https:\/\/scalableinteractionparadigms.uni-oldenburg.de\/blog\/wp-content\/uploads\/2020\/05\/muenster-touchables-1024x537.png 1024w, https:\/\/scalableinteractionparadigms.uni-oldenburg.de\/blog\/wp-content\/uploads\/2020\/05\/muenster-touchables-768x403.png 768w\" sizes=\"(max-width: 1200px) 100vw, 1200px\" \/>\t\t\t\t\t\t\t\t\t\t\t\t\t\t\t<\/div>\n\t\t\t\t<\/div>\n\t\t\t\t<div class=\"elementor-element elementor-element-1149fb08 rime-middle elementor-widget elementor-widget-text-editor\" data-id=\"1149fb08\" data-element_type=\"widget\" data-e-type=\"widget\" data-widget_type=\"text-editor.default\">\n\t\t\t\t<div class=\"elementor-widget-container\">\n\t\t\t\t\t\t\t\t\t<p><\/p>\n<p><\/p>\n<h5 class=\"wp-block-heading\"><br><\/h5>\n<h5><br><\/h5><h5>Principal Investigators<\/h5>\n<p><\/p>\n<p><\/p>\n<p>Prof. Dr.-Ing. Lars Linsen, Westf\u00e4lische Wilhelms-Universit\u00e4t M\u00fcnster (<a href=\"https:\/\/www.uni-muenster.de\/Cells-in-Motion\/de\/people\/all\/linsen-l.php\">Homepage<\/a>)<br>Dr. Dimitar Valkov, Saarland University (<a href=\"https:\/\/umtl.cs.uni-saarland.de\/people\/dr.-dimitar-valkov.html\">Homepage<\/a>)<\/p>\n<p><\/p>\n<p><\/p>\n<p>While interactive 3D environments have gained increasing popularity in the last years, 3D user interfaces still remain rather complex and in many cases require special skills and training. Investigations on reach-to-grasp actions in various domains of psychology have consistently shown that the natural kinematics of prehension allows for predicting the object a human is going to grab and sometimes even the subsequent actions that will be carried out with that object. These insights promise great opportunities for substantially improved interaction in 3D environments, provided that the hand kinematics information is extracted and evaluated on the fly and instantaneously incorporated in the interface.<br>In this project, we will establish a general framework for the analysis of prehensile behavior in the context of human-computer interaction and we will explore the applicability of prehensile information to design natural user interfaces for the interaction with computer-generated virtual environments.<\/p>\n<p><\/p>\t\t\t\t\t\t\t\t<\/div>\n\t\t\t\t<\/div>\n\t\t\t\t\t<\/div>\n\t\t<\/div>\n\t\t\t\t\t<\/div>\n\t\t<\/section>\n\t\t\t\t<section class=\"elementor-section elementor-top-section elementor-element elementor-element-14788e9 elementor-section-boxed elementor-section-height-default elementor-section-height-default\" data-id=\"14788e9\" data-element_type=\"section\" data-e-type=\"section\">\n\t\t\t\t\t\t<div class=\"elementor-container elementor-column-gap-default\">\n\t\t\t\t\t<div class=\"elementor-column elementor-col-33 elementor-top-column elementor-element elementor-element-39ae4f9\" data-id=\"39ae4f9\" data-element_type=\"column\" data-e-type=\"column\">\n\t\t\t<div class=\"elementor-widget-wrap elementor-element-populated\">\n\t\t\t\t\t\t<div class=\"elementor-element elementor-element-b0e2e17 elementor-widget elementor-widget-heading\" data-id=\"b0e2e17\" data-element_type=\"widget\" data-e-type=\"widget\" data-widget_type=\"heading.default\">\n\t\t\t\t<div class=\"elementor-widget-container\">\n\t\t\t\t\t<h5 class=\"elementor-heading-title elementor-size-large\"><h5>Publications<\/h5><\/h5>\t\t\t\t<\/div>\n\t\t\t\t<\/div>\n\t\t\t\t<div class=\"elementor-element elementor-element-8b55e25 elementor-position-top elementor-widget elementor-widget-image-box\" data-id=\"8b55e25\" data-element_type=\"widget\" data-e-type=\"widget\" data-widget_type=\"image-box.default\">\n\t\t\t\t<div class=\"elementor-widget-container\">\n\t\t\t\t\t<div class=\"elementor-image-box-wrapper\"><figure class=\"elementor-image-box-img\"><img decoding=\"async\" width=\"976\" height=\"565\" src=\"https:\/\/scalableinteractionparadigms.uni-oldenburg.de\/blog\/wp-content\/uploads\/2023\/10\/photo_5292043026509712934_y-2.jpg\" class=\"attachment-full size-full wp-image-4381\" alt=\"\" srcset=\"https:\/\/scalableinteractionparadigms.uni-oldenburg.de\/blog\/wp-content\/uploads\/2023\/10\/photo_5292043026509712934_y-2.jpg 976w, https:\/\/scalableinteractionparadigms.uni-oldenburg.de\/blog\/wp-content\/uploads\/2023\/10\/photo_5292043026509712934_y-2-300x174.jpg 300w, https:\/\/scalableinteractionparadigms.uni-oldenburg.de\/blog\/wp-content\/uploads\/2023\/10\/photo_5292043026509712934_y-2-768x445.jpg 768w, https:\/\/scalableinteractionparadigms.uni-oldenburg.de\/blog\/wp-content\/uploads\/2023\/10\/photo_5292043026509712934_y-2-600x347.jpg 600w\" sizes=\"(max-width: 976px) 100vw, 976px\" \/><\/figure><div class=\"elementor-image-box-content\"><h6 class=\"elementor-image-box-title\"><span style=\"font-weight: normal\">Touch Recognition on Complex 3D Printed Surfaces using Filter Response Analysis <\/span><\/h6><p class=\"elementor-image-box-description\"><i>Valkov, D., Thiele, S., Huesmann, K., Gebauer, E. and Risse, B. <\/i><br><b>IEEE VRW 2021<\/b><br>                 \n\n\n\nA novel method for sensing touch input on Complex 3D printed objects<\/p><\/div><\/div>\t\t\t\t<\/div>\n\t\t\t\t<\/div>\n\t\t\t\t\t<\/div>\n\t\t<\/div>\n\t\t\t\t<div class=\"elementor-column elementor-col-33 elementor-top-column elementor-element elementor-element-a569089\" data-id=\"a569089\" data-element_type=\"column\" data-e-type=\"column\">\n\t\t\t<div class=\"elementor-widget-wrap elementor-element-populated\">\n\t\t\t\t\t\t<div class=\"elementor-element elementor-element-b12a174 elementor-widget elementor-widget-spacer\" data-id=\"b12a174\" data-element_type=\"widget\" data-e-type=\"widget\" data-widget_type=\"spacer.default\">\n\t\t\t\t<div class=\"elementor-widget-container\">\n\t\t\t\t\t\t\t<div class=\"elementor-spacer\">\n\t\t\t<div class=\"elementor-spacer-inner\"><\/div>\n\t\t<\/div>\n\t\t\t\t\t\t<\/div>\n\t\t\t\t<\/div>\n\t\t\t\t\t<\/div>\n\t\t<\/div>\n\t\t\t\t<div class=\"elementor-column elementor-col-33 elementor-top-column elementor-element elementor-element-ffd8b89\" data-id=\"ffd8b89\" data-element_type=\"column\" data-e-type=\"column\">\n\t\t\t<div class=\"elementor-widget-wrap elementor-element-populated\">\n\t\t\t\t\t\t<div class=\"elementor-element elementor-element-0742419 elementor-widget elementor-widget-spacer\" data-id=\"0742419\" data-element_type=\"widget\" data-e-type=\"widget\" data-widget_type=\"spacer.default\">\n\t\t\t\t<div class=\"elementor-widget-container\">\n\t\t\t\t\t\t\t<div class=\"elementor-spacer\">\n\t\t\t<div class=\"elementor-spacer-inner\"><\/div>\n\t\t<\/div>\n\t\t\t\t\t\t<\/div>\n\t\t\t\t<\/div>\n\t\t\t\t\t<\/div>\n\t\t<\/div>\n\t\t\t\t\t<\/div>\n\t\t<\/section>\n\t\t\t\t<section class=\"elementor-section elementor-top-section elementor-element elementor-element-714c4e7 elementor-section-boxed elementor-section-height-default elementor-section-height-default\" data-id=\"714c4e7\" data-element_type=\"section\" data-e-type=\"section\">\n\t\t\t\t\t\t<div class=\"elementor-container elementor-column-gap-default\">\n\t\t\t\t\t<div class=\"elementor-column elementor-col-100 elementor-top-column elementor-element elementor-element-115e230\" data-id=\"115e230\" data-element_type=\"column\" data-e-type=\"column\">\n\t\t\t<div class=\"elementor-widget-wrap elementor-element-populated\">\n\t\t\t\t\t\t<div class=\"elementor-element elementor-element-0c04152 elementor-widget elementor-widget-text-editor\" data-id=\"0c04152\" data-element_type=\"widget\" data-e-type=\"widget\" data-widget_type=\"text-editor.default\">\n\t\t\t\t<div class=\"elementor-widget-container\">\n\t\t\t\t\t\t\t\t\t<ol>\n<li><span style=\"color: #111111; font-family: Lato, Helvetica Neue, Helvetica, Tahoma, Geneva, Arial, sans-serif;\">Dimitar Valkov, Sebastian Thiele, Karim Huesmann, Eike Gebauer, Benjamin Risse. 2021. Touch Recognition on Complex 3D Printed Surfaces<br \/>using Filter Response Analysis. In\u00a0<i>2021 IEEE Conference on Virtual Reality and 3D User Interfaces Abstracts and Workshops (VRW)<\/i>, pp. 195-200. IEEE, 2021. <a href=\"https:\/\/doi.org\/10.1109\/VRW52623.2021.00043\">https:\/\/ieeexplore.ieee.org\/abstract\/document\/9419135<\/a><\/span><\/li>\n<\/ol>\t\t\t\t\t\t\t\t<\/div>\n\t\t\t\t<\/div>\n\t\t\t\t\t<\/div>\n\t\t<\/div>\n\t\t\t\t\t<\/div>\n\t\t<\/section>\n\t\t\t\t<\/div>\n\t\t","protected":false},"excerpt":{"rendered":"<p>User Interaction Concepts based on Prehensile Hand Behavior Principal Investigators Prof. Dr.-Ing. Lars Linsen, Westf\u00e4lische Wilhelms-Universit\u00e4t M\u00fcnster (Homepage)Dr. Dimitar Valkov, Saarland University (Homepage) While interactive 3D environments have gained increasing popularity in the last years, 3D user interfaces still remain rather complex and in many cases require special skills and training. Investigations on reach-to-grasp actions [&hellip;]<\/p>\n","protected":false},"author":9,"featured_media":0,"parent":0,"menu_order":0,"comment_status":"closed","ping_status":"closed","template":"","meta":{"footnotes":""},"coauthors":[11],"class_list":["post-983","page","type-page","status-publish","hentry"],"_links":{"self":[{"href":"https:\/\/scalableinteractionparadigms.uni-oldenburg.de\/blog\/wp-json\/wp\/v2\/pages\/983","targetHints":{"allow":["GET"]}}],"collection":[{"href":"https:\/\/scalableinteractionparadigms.uni-oldenburg.de\/blog\/wp-json\/wp\/v2\/pages"}],"about":[{"href":"https:\/\/scalableinteractionparadigms.uni-oldenburg.de\/blog\/wp-json\/wp\/v2\/types\/page"}],"author":[{"embeddable":true,"href":"https:\/\/scalableinteractionparadigms.uni-oldenburg.de\/blog\/wp-json\/wp\/v2\/users\/9"}],"replies":[{"embeddable":true,"href":"https:\/\/scalableinteractionparadigms.uni-oldenburg.de\/blog\/wp-json\/wp\/v2\/comments?post=983"}],"version-history":[{"count":16,"href":"https:\/\/scalableinteractionparadigms.uni-oldenburg.de\/blog\/wp-json\/wp\/v2\/pages\/983\/revisions"}],"predecessor-version":[{"id":4627,"href":"https:\/\/scalableinteractionparadigms.uni-oldenburg.de\/blog\/wp-json\/wp\/v2\/pages\/983\/revisions\/4627"}],"wp:attachment":[{"href":"https:\/\/scalableinteractionparadigms.uni-oldenburg.de\/blog\/wp-json\/wp\/v2\/media?parent=983"}],"wp:term":[{"taxonomy":"author","embeddable":true,"href":"https:\/\/scalableinteractionparadigms.uni-oldenburg.de\/blog\/wp-json\/wp\/v2\/coauthors?post=983"}],"curies":[{"name":"wp","href":"https:\/\/api.w.org\/{rel}","templated":true}]}}